{"id":126,"date":"2009-12-29T19:42:13","date_gmt":"2009-12-29T19:42:13","guid":{"rendered":"http:\/\/www.riibygard.se\/?page_id=126"},"modified":"2025-01-25T12:31:49","modified_gmt":"2025-01-25T11:31:49","slug":"boende-och-mat","status":"publish","type":"page","link":"https:\/\/www.riibygard.se\/?page_id=126","title":{"rendered":"Boende och mat"},"content":{"rendered":"<h1>Boende och mat<\/h1>\n<h4>Boende<\/h4>\n<p>Ridl\u00e4gerdeltagarna sover i v\u00e5r fina sovsal med plats f\u00f6r 12 personer. Minst en ridl\u00e4geransvarig sover alltid med barnen. D\u00e4r kan man spela spel och fnittra om dagens h\u00e4ndelser.<\/p>\n<h4>Mat<\/h4>\n<p>Ridl\u00e4gereleverna f\u00e5r frukost, lunch, middag och kv\u00e4llsfika. J\u00e4ttefin mat fr\u00e5n v\u00e5rt eget k\u00f6k. Deltagarna \u00e4ter s\u00e5 mycket de vill, och fyller n\u00e5gon \u00e5r s\u00e5 firar vi det med t\u00e5rta!<\/p>\n<p>\t\t\t\t\t\t\t\t\t\t\t\t\t\t\t<img fetchpriority=\"high\" decoding=\"async\" width=\"525\" height=\"926\" src=\"https:\/\/www.riibygard.se\/wp-content\/uploads\/2025\/01\/IMG_0288-768x1354.jpg\" alt=\"\" srcset=\"https:\/\/www.riibygard.se\/wp-content\/uploads\/2025\/01\/IMG_0288-768x1354.jpg 768w, https:\/\/www.riibygard.se\/wp-content\/uploads\/2025\/01\/IMG_0288-170x300.jpg 170w, https:\/\/www.riibygard.se\/wp-content\/uploads\/2025\/01\/IMG_0288-284x500.jpg 284w, https:\/\/www.riibygard.se\/wp-content\/uploads\/2025\/01\/IMG_0288-872x1536.jpg 872w, https:\/\/www.riibygard.se\/wp-content\/uploads\/2025\/01\/IMG_0288-1162x2048.jpg 1162w, https:\/\/www.riibygard.se\/wp-content\/uploads\/2025\/01\/IMG_0288.jpg 1170w\" sizes=\"100vw\" \/><\/p>\n","protected":false},"excerpt":{"rendered":"<p>Boende och mat Boende Ridl\u00e4gerdeltagarna sover i v\u00e5r fina sovsal med plats f\u00f6r 12 personer. Minst en ridl\u00e4geransvarig sover alltid med barnen. D\u00e4r kan man spela spel och fnittra om dagens h\u00e4ndelser. Mat Ridl\u00e4gereleverna f\u00e5r frukost, lunch, middag och kv\u00e4llsfika. J\u00e4ttefin mat fr\u00e5n v\u00e5rt eget k\u00f6k. Deltagarna \u00e4ter s\u00e5 mycket de vill, och fyller n\u00e5gon &hellip; <\/p>\n<p class=\"link-more\"><a href=\"https:\/\/www.riibygard.se\/?page_id=126\" class=\"more-link\">Forts\u00e4tt l\u00e4sa<span class=\"screen-reader-text\"> \u201dBoende och mat\u201d<\/span><\/a><\/p>\n","protected":false},"author":1,"featured_media":0,"parent":19,"menu_order":0,"comment_status":"closed","ping_status":"closed","template":"","meta":{"ngg_post_thumbnail":0,"footnotes":""},"class_list":["post-126","page","type-page","status-publish","hentry"],"_links":{"self":[{"href":"https:\/\/www.riibygard.se\/index.php?rest_route=\/wp\/v2\/pages\/126","targetHints":{"allow":["GET"]}}],"collection":[{"href":"https:\/\/www.riibygard.se\/index.php?rest_route=\/wp\/v2\/pages"}],"about":[{"href":"https:\/\/www.riibygard.se\/index.php?rest_route=\/wp\/v2\/types\/page"}],"author":[{"embeddable":true,"href":"https:\/\/www.riibygard.se\/index.php?rest_route=\/wp\/v2\/users\/1"}],"replies":[{"embeddable":true,"href":"https:\/\/www.riibygard.se\/index.php?rest_route=%2Fwp%2Fv2%2Fcomments&post=126"}],"version-history":[{"count":21,"href":"https:\/\/www.riibygard.se\/index.php?rest_route=\/wp\/v2\/pages\/126\/revisions"}],"predecessor-version":[{"id":2689,"href":"https:\/\/www.riibygard.se\/index.php?rest_route=\/wp\/v2\/pages\/126\/revisions\/2689"}],"up":[{"embeddable":true,"href":"https:\/\/www.riibygard.se\/index.php?rest_route=\/wp\/v2\/pages\/19"}],"wp:attachment":[{"href":"https:\/\/www.riibygard.se\/index.php?rest_route=%2Fwp%2Fv2%2Fmedia&parent=126"}],"curies":[{"name":"wp","href":"https:\/\/api.w.org\/{rel}","templated":true}]}}