{"id":129,"date":"2009-12-29T19:43:25","date_gmt":"2009-12-29T19:43:25","guid":{"rendered":"http:\/\/www.riibygard.se\/?page_id=129"},"modified":"2025-01-26T19:25:52","modified_gmt":"2025-01-26T18:25:52","slug":"bra-att-veta","status":"publish","type":"page","link":"https:\/\/www.riibygard.se\/?page_id=129","title":{"rendered":"Bra att veta"},"content":{"rendered":"<figure id=\"attachment_2697\" aria-describedby=\"caption-attachment-2697\" style=\"width: 212px\" class=\"wp-caption alignright\"><img fetchpriority=\"high\" decoding=\"async\" class=\"size-medium wp-image-2697\" src=\"https:\/\/www.riibygard.se\/wp-content\/uploads\/2025\/01\/IMG_6472-1-212x300.jpg\" alt=\"\" width=\"212\" height=\"300\" srcset=\"https:\/\/www.riibygard.se\/wp-content\/uploads\/2025\/01\/IMG_6472-1-212x300.jpg 212w, https:\/\/www.riibygard.se\/wp-content\/uploads\/2025\/01\/IMG_6472-1-354x500.jpg 354w, https:\/\/www.riibygard.se\/wp-content\/uploads\/2025\/01\/IMG_6472-1-768x1084.jpg 768w, https:\/\/www.riibygard.se\/wp-content\/uploads\/2025\/01\/IMG_6472-1-1088x1536.jpg 1088w, https:\/\/www.riibygard.se\/wp-content\/uploads\/2025\/01\/IMG_6472-1.jpg 1165w\" sizes=\"(max-width: 212px) 100vw, 212px\" \/><figcaption id=\"caption-attachment-2697\" class=\"wp-caption-text\">Screenshot<\/figcaption><\/figure>\n<p>Viktoria Forsberg har tillsammans med sina hj\u00e4lpredor haft ridl\u00e4ger p\u00e5 Riiby G\u00e5rd sedan 1998. Vi har l\u00e5ng erfarenhet av hur ett bra ridl\u00e4ger ska vara f\u00f6r att barnen\/ungdomarna ska trivas och ha kul.<\/p>\n<p>L\u00e5ngv\u00e4ga g\u00e4ster h\u00e4mtar vi avg fritt p\u00e5 s\u00f6ndag. Det g\u00e5r buss t\u00e5g och flyg till Sundsvall. Naturligtvis skjutsar vi till er hemresa. Ibland kan det vara ekonomiskt att \u00e5ka hem p\u00e5 l\u00f6rdagen vilket g\u00e5r bra f\u00f6r oss.<\/p>\n<p>Ridl\u00e4gerveckan b\u00f6rja p\u00e5&nbsp;s\u00f6ndag&nbsp;kl&nbsp;18.30&nbsp;och slutar p\u00e5 fredag med avslutning kl 15.00<\/p>\n<p><strong>Pris 5 950 kr&nbsp;&nbsp;<\/strong><\/p>\n<p>F\u00f6rs\u00e4kring: M\u00e5lsman ansvarar f\u00f6r att deltagaren \u00e4r olyckfallsf\u00f6rs\u00e4krad.<\/p>\n<p>Anl\u00e4ggningen \u00e4r besiktad av alla myndigheter. (Kommunen, L\u00e4nstyrelsen och brandmyndigheten).<\/p>\n<p>Bes\u00f6k oss g\u00e4rna om ni har m\u00f6jlighet s\u00e5 f\u00e5r ni se hur vi har det.<\/p>\n<p>Avslutningsdagen har vi uppvisning f\u00f6r f\u00f6r\u00e4ldrar, sl\u00e4kt och v\u00e4nner. Ps F\u00f6r\u00e4ldrar gl\u00f6m inte kamera eller videokamera f\u00f6r att f\u00f6reviga sommarens minnen.<\/p>\n<h3>R\u00f6kning: Ridl\u00e4gret \u00e4r helt r\u00f6kfritt.<\/h3>\n","protected":false},"excerpt":{"rendered":"<p>Viktoria Forsberg har tillsammans med sina hj\u00e4lpredor haft ridl\u00e4ger p\u00e5 Riiby G\u00e5rd sedan 1998. Vi har l\u00e5ng erfarenhet av hur ett bra ridl\u00e4ger ska vara f\u00f6r att barnen\/ungdomarna ska trivas och ha kul. L\u00e5ngv\u00e4ga g\u00e4ster h\u00e4mtar vi avg fritt p\u00e5 s\u00f6ndag. Det g\u00e5r buss t\u00e5g och flyg till Sundsvall. Naturligtvis skjutsar vi till er hemresa. &hellip; <\/p>\n<p class=\"link-more\"><a href=\"https:\/\/www.riibygard.se\/?page_id=129\" class=\"more-link\">Forts\u00e4tt l\u00e4sa<span class=\"screen-reader-text\"> \u201dBra att veta\u201d<\/span><\/a><\/p>\n","protected":false},"author":1,"featured_media":0,"parent":19,"menu_order":0,"comment_status":"closed","ping_status":"closed","template":"","meta":{"ngg_post_thumbnail":0,"footnotes":""},"class_list":["post-129","page","type-page","status-publish","hentry"],"_links":{"self":[{"href":"https:\/\/www.riibygard.se\/index.php?rest_route=\/wp\/v2\/pages\/129","targetHints":{"allow":["GET"]}}],"collection":[{"href":"https:\/\/www.riibygard.se\/index.php?rest_route=\/wp\/v2\/pages"}],"about":[{"href":"https:\/\/www.riibygard.se\/index.php?rest_route=\/wp\/v2\/types\/page"}],"author":[{"embeddable":true,"href":"https:\/\/www.riibygard.se\/index.php?rest_route=\/wp\/v2\/users\/1"}],"replies":[{"embeddable":true,"href":"https:\/\/www.riibygard.se\/index.php?rest_route=%2Fwp%2Fv2%2Fcomments&post=129"}],"version-history":[{"count":21,"href":"https:\/\/www.riibygard.se\/index.php?rest_route=\/wp\/v2\/pages\/129\/revisions"}],"predecessor-version":[{"id":2698,"href":"https:\/\/www.riibygard.se\/index.php?rest_route=\/wp\/v2\/pages\/129\/revisions\/2698"}],"up":[{"embeddable":true,"href":"https:\/\/www.riibygard.se\/index.php?rest_route=\/wp\/v2\/pages\/19"}],"wp:attachment":[{"href":"https:\/\/www.riibygard.se\/index.php?rest_route=%2Fwp%2Fv2%2Fmedia&parent=129"}],"curies":[{"name":"wp","href":"https:\/\/api.w.org\/{rel}","templated":true}]}}