{"id":147,"date":"2009-12-29T19:55:19","date_gmt":"2009-12-29T19:55:19","guid":{"rendered":"http:\/\/www.riibygard.se\/?page_id=147"},"modified":"2025-01-26T19:30:31","modified_gmt":"2025-01-26T18:30:31","slug":"regler","status":"publish","type":"page","link":"https:\/\/www.riibygard.se\/?page_id=147","title":{"rendered":"Regler"},"content":{"rendered":"<h1>Regler<\/h1>\n<h3>F\u00f6r turridningen har vi f\u00f6ljande regler.<\/h3>\n<ul>\n<li>Maxvikt f\u00f6r nyb\u00f6rjare 85 kg.<\/li>\n<li>Ingen alkohol i samband med ridningen.<br \/>\n<img fetchpriority=\"high\" decoding=\"async\" class=\"wp-image-2684 alignright\" src=\"https:\/\/www.riibygard.se\/wp-content\/uploads\/2025\/01\/Messenger_creation_8499B43A-926A-4A40-952C-CCD8AF6DEDE8-225x300.jpeg\" alt=\"\" width=\"311\" height=\"415\" srcset=\"https:\/\/www.riibygard.se\/wp-content\/uploads\/2025\/01\/Messenger_creation_8499B43A-926A-4A40-952C-CCD8AF6DEDE8-225x300.jpeg 225w, https:\/\/www.riibygard.se\/wp-content\/uploads\/2025\/01\/Messenger_creation_8499B43A-926A-4A40-952C-CCD8AF6DEDE8-375x500.jpeg 375w, https:\/\/www.riibygard.se\/wp-content\/uploads\/2025\/01\/Messenger_creation_8499B43A-926A-4A40-952C-CCD8AF6DEDE8.jpeg 768w\" sizes=\"(max-width: 311px) 100vw, 311px\" \/><\/li>\n<li>Vi tar betalt f\u00f6r antalet ryttare som det \u00e4r bokat f\u00f6r, om ej avbokning sker minst 5dagar innan.<\/li>\n<li>Vi har alltid en genomg\u00e5ng innan vi ger oss iv\u00e4g.<\/li>\n<li>Vi har en ansvarsf\u00f6rs\u00e4kring, men all ridning sker p\u00e5 egen risk.<\/li>\n<li>Avbokning skall ske minst 5 dagar i f\u00f6rv\u00e4g.<br \/>\n\u00c5ldersgr\u00e4ns 11 \u00e5r. Barn under 11 \u00e5r f\u00e5r endast rida om dom \u00e4r vana, och d\u00e5 p\u00e5 m\u00e5lsmans ansvar.<\/li>\n<\/ul>\n","protected":false},"excerpt":{"rendered":"<p>Regler F\u00f6r turridningen har vi f\u00f6ljande regler. Maxvikt f\u00f6r nyb\u00f6rjare 85 kg. Ingen alkohol i samband med ridningen. Vi tar betalt f\u00f6r antalet ryttare som det \u00e4r bokat f\u00f6r, om ej avbokning sker minst 5dagar innan. Vi har alltid en genomg\u00e5ng innan vi ger oss iv\u00e4g. Vi har en ansvarsf\u00f6rs\u00e4kring, men all ridning sker p\u00e5 &hellip; <\/p>\n<p class=\"link-more\"><a href=\"https:\/\/www.riibygard.se\/?page_id=147\" class=\"more-link\">Forts\u00e4tt l\u00e4sa<span class=\"screen-reader-text\"> \u201dRegler\u201d<\/span><\/a><\/p>\n","protected":false},"author":1,"featured_media":0,"parent":10,"menu_order":0,"comment_status":"closed","ping_status":"closed","template":"","meta":{"ngg_post_thumbnail":0,"footnotes":""},"class_list":["post-147","page","type-page","status-publish","hentry"],"_links":{"self":[{"href":"https:\/\/www.riibygard.se\/index.php?rest_route=\/wp\/v2\/pages\/147","targetHints":{"allow":["GET"]}}],"collection":[{"href":"https:\/\/www.riibygard.se\/index.php?rest_route=\/wp\/v2\/pages"}],"about":[{"href":"https:\/\/www.riibygard.se\/index.php?rest_route=\/wp\/v2\/types\/page"}],"author":[{"embeddable":true,"href":"https:\/\/www.riibygard.se\/index.php?rest_route=\/wp\/v2\/users\/1"}],"replies":[{"embeddable":true,"href":"https:\/\/www.riibygard.se\/index.php?rest_route=%2Fwp%2Fv2%2Fcomments&post=147"}],"version-history":[{"count":21,"href":"https:\/\/www.riibygard.se\/index.php?rest_route=\/wp\/v2\/pages\/147\/revisions"}],"predecessor-version":[{"id":2699,"href":"https:\/\/www.riibygard.se\/index.php?rest_route=\/wp\/v2\/pages\/147\/revisions\/2699"}],"up":[{"embeddable":true,"href":"https:\/\/www.riibygard.se\/index.php?rest_route=\/wp\/v2\/pages\/10"}],"wp:attachment":[{"href":"https:\/\/www.riibygard.se\/index.php?rest_route=%2Fwp%2Fv2%2Fmedia&parent=147"}],"curies":[{"name":"wp","href":"https:\/\/api.w.org\/{rel}","templated":true}]}}