{"id":152,"date":"2009-12-29T20:56:44","date_gmt":"2009-12-29T19:56:44","guid":{"rendered":"http:\/\/www.riibygard.se\/?page_id=152"},"modified":"2025-01-25T12:32:34","modified_gmt":"2025-01-25T11:32:34","slug":"priser","status":"publish","type":"page","link":"https:\/\/www.riibygard.se\/?page_id=152","title":{"rendered":"Priser"},"content":{"rendered":"<div class=\"wp-block-image\">\n<figure class=\"alignright size-large\"><img fetchpriority=\"high\" decoding=\"async\" width=\"375\" height=\"500\" src=\"https:\/\/www.riibygard.se\/wp-content\/uploads\/2022\/06\/sommartur-2-375x500.jpg\" alt=\"\" class=\"wp-image-2423\" srcset=\"https:\/\/www.riibygard.se\/wp-content\/uploads\/2022\/06\/sommartur-2-375x500.jpg 375w, https:\/\/www.riibygard.se\/wp-content\/uploads\/2022\/06\/sommartur-2-225x300.jpg 225w, https:\/\/www.riibygard.se\/wp-content\/uploads\/2022\/06\/sommartur-2-768x1024.jpg 768w, https:\/\/www.riibygard.se\/wp-content\/uploads\/2022\/06\/sommartur-2-1152x1536.jpg 1152w, https:\/\/www.riibygard.se\/wp-content\/uploads\/2022\/06\/sommartur-2-1536x2048.jpg 1536w, https:\/\/www.riibygard.se\/wp-content\/uploads\/2022\/06\/sommartur-2-scaled.jpg 1920w\" sizes=\"(max-width: 375px) 100vw, 375px\" \/><\/figure>\n<\/div>\n\n\n<h1 class=\"wp-block-heading\">Priser<\/h1>\n\n\n\n<p><strong>2 timmar inklusive fika 750 kronor<\/strong><\/p>\n\n\n\n<p>Bokningsbar \u00e5ret runt&nbsp;<br \/>Ridning uppsutten p\u00e5 h\u00e4st ca 1 timme 40 min. <br \/>R\u00e4kna med att aktiviteten tar ungef\u00e4r ca 2,5-3 timmar beroende p\u00e5 antal personer. Fika \u00e4r kaffe, te eller saft samt bullar och tv\u00e5 sorters kakor. Vill man ha matigare sm\u00f6rg\u00e5sar&nbsp; tillkommer 80:-\/ per pers.&nbsp;<\/p>\n\n\n\n<p><strong>3 timmars ink fika 900 kronor<\/strong>&nbsp;<br \/>Bokningsbar 1 okt -31 april&nbsp;<br \/>Ridning uppsutten ca 2,40 timmar. R\u00e4kna med att den totala tiden blir ca 4 timmar.&nbsp;<br \/>Ink fika&nbsp; kaffe dryck kakor och bullar.<\/p>\n\n\n\n<p><strong>Halvdagstur&nbsp; 1250 kronor<\/strong><br \/>Bokningsbar 1maj -30sep&nbsp;&nbsp;<br \/>Ridning uppsutten p\u00e5 h\u00e4st ca 3 timmar. R\u00e4kna med att aktiviteten tar ungef\u00e4r&nbsp;ca 4,5 timmar.<br \/>Ink matigare sm\u00f6rg\u00e5s, kaffe, dryck och fikabr\u00f6d som intas i trollskogen eller vid Indals\u00e4lven.&nbsp;<\/p>\n\n\n\n<p><strong>Heldagstur&nbsp;1850 kronor<\/strong><br \/>Bokningsbar 1maj-30sep&nbsp;<br \/>F\u00f6r den&nbsp; med ridvana som vill ha m\u00e5nga timmar i sadeln i underbar natur.<br \/>Vi rider i ca 4 timmar med ett stopp f\u00f6r fika och ett stopp f\u00f6r lunch.&nbsp;<br \/>Totaltiden b\u00f6r r\u00e4knas till ca 6 timmar.<\/p>\n\n\n\n<p><strong>St\u00f6rre s\u00e4llskap\/f\u00f6retag<\/strong><br \/>Kontakta oss via mail eller telefon 070-3982668 s\u00e5 skr\u00e4ddarsyr vi en upplevelse f\u00f6r just er. Det kanske \u00e4r s\u00e5 att alla inte kan eller vill rida men ni vill g\u00f6ra en kickoff eller m\u00f6hippa tillsammans. Ett exempel f\u00f6r de som inte rider finns m\u00f6jligheten att vi ordnar fiskekort samt picknickkorg vid Bergeforsens fiske som ligger ett stenkast ifr\u00e5n g\u00e5rden och erbjuder h\u00f6gklassigt laxfiske. Ni kan \u00e4ven g\u00f6ra olika aktiviteter f\u00f6r att sedan samlas i v\u00e5rat fik d\u00e4r Ulla Winbladhs egna fantastiska hovm\u00e4stare Mattias serverar er en delikat lunch eller middag. <\/p>\n\n\n\n<p><strong>Flerdagsturer<\/strong><\/p>\n\n\n\n<p>Vi har fr\u00e5n v\u00e5r till h\u00f6st flerdagarsturer, allt fr\u00e5n en till tre dagar med \u00f6vernattning. Minsta antal per bokning \u00e4r fem personer.<br \/>F\u00f6r pris och detaljerat program maila riibygard@gmail.com eller ring 070-398 26 68.<\/p>\n","protected":false},"excerpt":{"rendered":"<p>Priser 2 timmar inklusive fika 750 kronor Bokningsbar \u00e5ret runt&nbsp;Ridning uppsutten p\u00e5 h\u00e4st ca 1 timme 40 min. R\u00e4kna med att aktiviteten tar ungef\u00e4r ca 2,5-3 timmar beroende p\u00e5 antal personer. Fika \u00e4r kaffe, te eller saft samt bullar och tv\u00e5 sorters kakor. Vill man ha matigare sm\u00f6rg\u00e5sar&nbsp; tillkommer 80:-\/ per pers.&nbsp; 3 timmars ink &hellip; <\/p>\n<p class=\"link-more\"><a href=\"https:\/\/www.riibygard.se\/?page_id=152\" class=\"more-link\">Forts\u00e4tt l\u00e4sa<span class=\"screen-reader-text\"> \u201dPriser\u201d<\/span><\/a><\/p>\n","protected":false},"author":1,"featured_media":0,"parent":10,"menu_order":0,"comment_status":"closed","ping_status":"closed","template":"","meta":{"ngg_post_thumbnail":0,"footnotes":""},"class_list":["post-152","page","type-page","status-publish","hentry"],"_links":{"self":[{"href":"https:\/\/www.riibygard.se\/index.php?rest_route=\/wp\/v2\/pages\/152","targetHints":{"allow":["GET"]}}],"collection":[{"href":"https:\/\/www.riibygard.se\/index.php?rest_route=\/wp\/v2\/pages"}],"about":[{"href":"https:\/\/www.riibygard.se\/index.php?rest_route=\/wp\/v2\/types\/page"}],"author":[{"embeddable":true,"href":"https:\/\/www.riibygard.se\/index.php?rest_route=\/wp\/v2\/users\/1"}],"replies":[{"embeddable":true,"href":"https:\/\/www.riibygard.se\/index.php?rest_route=%2Fwp%2Fv2%2Fcomments&post=152"}],"version-history":[{"count":26,"href":"https:\/\/www.riibygard.se\/index.php?rest_route=\/wp\/v2\/pages\/152\/revisions"}],"predecessor-version":[{"id":2690,"href":"https:\/\/www.riibygard.se\/index.php?rest_route=\/wp\/v2\/pages\/152\/revisions\/2690"}],"up":[{"embeddable":true,"href":"https:\/\/www.riibygard.se\/index.php?rest_route=\/wp\/v2\/pages\/10"}],"wp:attachment":[{"href":"https:\/\/www.riibygard.se\/index.php?rest_route=%2Fwp%2Fv2%2Fmedia&parent=152"}],"curies":[{"name":"wp","href":"https:\/\/api.w.org\/{rel}","templated":true}]}}