{"id":1751,"date":"2019-06-28T15:45:55","date_gmt":"2019-06-28T13:45:55","guid":{"rendered":"http:\/\/www.riibygard.se\/?page_id=1751"},"modified":"2024-07-18T19:27:17","modified_gmt":"2024-07-18T17:27:17","slug":"valkommen-till-oss","status":"publish","type":"page","link":"https:\/\/www.riibygard.se\/","title":{"rendered":"START"},"content":{"rendered":"\t\t<div data-elementor-type=\"wp-page\" data-elementor-id=\"1751\" class=\"elementor elementor-1751\">\n\t\t\t\t\t\t<section class=\"elementor-section elementor-top-section elementor-element elementor-element-c1e91be elementor-section-full_width elementor-section-height-full elementor-section-height-default elementor-section-items-middle\" data-id=\"c1e91be\" data-element_type=\"section\" data-e-type=\"section\" data-settings=\"{&quot;background_background&quot;:&quot;slideshow&quot;,&quot;background_slideshow_gallery&quot;:[{&quot;id&quot;:2423,&quot;url&quot;:&quot;https:\\\/\\\/www.riibygard.se\\\/wp-content\\\/uploads\\\/2022\\\/06\\\/sommartur-2-scaled.jpg&quot;}],&quot;background_slideshow_slide_duration&quot;:5000,&quot;background_slideshow_slide_transition&quot;:&quot;fade&quot;,&quot;background_slideshow_transition_duration&quot;:500}\">\n\t\t\t\t\t\t<div class=\"elementor-container elementor-column-gap-default\">\n\t\t\t\t\t<div class=\"elementor-column elementor-col-100 elementor-top-column elementor-element elementor-element-7f4c074\" data-id=\"7f4c074\" data-element_type=\"column\" data-e-type=\"column\">\n\t\t\t<div class=\"elementor-widget-wrap\">\n\t\t\t\t\t\t\t<\/div>\n\t\t<\/div>\n\t\t\t\t\t<\/div>\n\t\t<\/section>\n\t\t\t\t<section class=\"elementor-section elementor-top-section elementor-element elementor-element-44cc332 elementor-section-boxed elementor-section-height-default elementor-section-height-default\" data-id=\"44cc332\" data-element_type=\"section\" data-e-type=\"section\" data-settings=\"{&quot;background_background&quot;:&quot;classic&quot;}\">\n\t\t\t\t\t\t<div class=\"elementor-container elementor-column-gap-default\">\n\t\t\t\t\t<div class=\"elementor-column elementor-col-100 elementor-top-column elementor-element elementor-element-7c27f62\" data-id=\"7c27f62\" data-element_type=\"column\" data-e-type=\"column\">\n\t\t\t<div class=\"elementor-widget-wrap elementor-element-populated\">\n\t\t\t\t\t\t<div class=\"elementor-element elementor-element-d8b11b1 elementor-widget elementor-widget-heading\" data-id=\"d8b11b1\" data-element_type=\"widget\" data-e-type=\"widget\" data-widget_type=\"heading.default\">\n\t\t\t\t<div class=\"elementor-widget-container\">\n\t\t\t\t\t<h2 class=\"elementor-heading-title elementor-size-default\"><h1 data-elementor-setting-key=\"title\" data-pen-placeholder=\"Skriv h\u00e4r...\" style=\"font-family: var( --e-global-typography-primary-font-family ), Sans-serif;font-weight: var( --e-global-typography-primary-font-weight )\">Ridskola - Turridning - Ridl\u00e4ger<\/h1><\/h2>\t\t\t\t<\/div>\n\t\t\t\t<\/div>\n\t\t\t\t\t<\/div>\n\t\t<\/div>\n\t\t\t\t\t<\/div>\n\t\t<\/section>\n\t\t\t\t<section class=\"elementor-section elementor-top-section elementor-element elementor-element-4232b5a elementor-section-content-middle elementor-section-boxed elementor-section-height-default elementor-section-height-default\" data-id=\"4232b5a\" data-element_type=\"section\" data-e-type=\"section\">\n\t\t\t\t\t\t<div class=\"elementor-container elementor-column-gap-default\">\n\t\t\t\t\t<div class=\"elementor-column elementor-col-50 elementor-top-column elementor-element elementor-element-b3dd7b0\" data-id=\"b3dd7b0\" data-element_type=\"column\" data-e-type=\"column\">\n\t\t\t<div class=\"elementor-widget-wrap elementor-element-populated\">\n\t\t\t\t\t\t<div class=\"elementor-element elementor-element-a54700e elementor-widget elementor-widget-text-editor\" data-id=\"a54700e\" data-element_type=\"widget\" data-e-type=\"widget\" data-widget_type=\"text-editor.default\">\n\t\t\t\t<div class=\"elementor-widget-container\">\n\t\t\t\t\t\t\t\t\t<p>Riiby G\u00e5rd islandsh\u00e4star \u00e4r auktoriserad av Svenska Islandsh\u00e4st f\u00f6rbundet.<br \/>V\u00e5r ridskola\u00a0 innefattar barn, ungdomar och vuxna\u00a0 som har olika kunskaps niv\u00e5er. V\u00e5ra ridskolgrupperna best\u00e5r av 6 elever.\u00a0<br \/>V\u00e5rterminen 2022 har vi 148 elever\u00a0 i veckan som rider p\u00e5 ridskolan.<\/p><p>Vi erjbuder \u00e4ven turridning i v\u00e5r omv\u00e4xlande finar natur s\u00e5som <span style=\"color: var( --e-global-color-text ); font-family: var( --e-global-typography-text-font-family ), Sans-serif; font-weight: var( --e-global-typography-text-font-weight ); font-size: 1rem;\">upp p\u00e5 berg \u00f6ver \u00e5ar, genom gammal urskog och h\u00e4rliga grusv\u00e4gar.<\/span><\/p><p><span style=\"color: var( --e-global-color-text ); font-family: var( --e-global-typography-text-font-family ), Sans-serif; font-weight: var( --e-global-typography-text-font-weight ); font-size: 1rem;\">Vi tar emot allt fr\u00e5n ovana\u00a0 till erfarna\u00a0<\/span><span style=\"color: var( --e-global-color-text ); font-family: var( --e-global-typography-text-font-family ), Sans-serif; font-weight: var( --e-global-typography-text-font-weight ); font-size: 1rem;\">ryttare<\/span><span style=\"color: var( --e-global-color-text ); font-family: var( --e-global-typography-text-font-family ), Sans-serif; font-size: 1rem; font-weight: var( --e-global-typography-text-font-weight );\">\u00a0och anpassar v\u00e5ra turer efter gruppens erfarenhet.<\/span><\/p><p><span style=\"color: var( --e-global-color-text ); font-family: var( --e-global-typography-text-font-family ), Sans-serif; font-size: 1rem; font-weight: var( --e-global-typography-text-font-weight );\">Vi finns i Bergeforsen, tv\u00e5 mil norr om Sundvall.<\/span><\/p><p>Vi har turridning alla dagar.<\/p>\t\t\t\t\t\t\t\t<\/div>\n\t\t\t\t<\/div>\n\t\t\t\t\t<\/div>\n\t\t<\/div>\n\t\t\t\t<div class=\"elementor-column elementor-col-50 elementor-top-column elementor-element elementor-element-376cbd8\" data-id=\"376cbd8\" data-element_type=\"column\" data-e-type=\"column\">\n\t\t\t<div class=\"elementor-widget-wrap elementor-element-populated\">\n\t\t\t\t\t\t<div class=\"elementor-element elementor-element-f96ea55 elementor-widget elementor-widget-image\" data-id=\"f96ea55\" data-element_type=\"widget\" data-e-type=\"widget\" data-widget_type=\"image.default\">\n\t\t\t\t<div class=\"elementor-widget-container\">\n\t\t\t\t\t\t\t\t\t\t\t\t<figure class=\"wp-caption\">\n\t\t\t\t\t\t\t\t\t\t<img fetchpriority=\"high\" decoding=\"async\" width=\"225\" height=\"300\" src=\"https:\/\/www.riibygard.se\/wp-content\/uploads\/2022\/12\/275789669_551848666043020_4471674178720268449_n-225x300.jpg\" class=\"attachment-medium size-medium wp-image-2491\" alt=\"\" srcset=\"https:\/\/www.riibygard.se\/wp-content\/uploads\/2022\/12\/275789669_551848666043020_4471674178720268449_n-225x300.jpg 225w, https:\/\/www.riibygard.se\/wp-content\/uploads\/2022\/12\/275789669_551848666043020_4471674178720268449_n-375x500.jpg 375w, https:\/\/www.riibygard.se\/wp-content\/uploads\/2022\/12\/275789669_551848666043020_4471674178720268449_n-768x1024.jpg 768w, https:\/\/www.riibygard.se\/wp-content\/uploads\/2022\/12\/275789669_551848666043020_4471674178720268449_n-1152x1536.jpg 1152w, https:\/\/www.riibygard.se\/wp-content\/uploads\/2022\/12\/275789669_551848666043020_4471674178720268449_n.jpg 1170w\" sizes=\"100vw\" \/>\t\t\t\t\t\t\t\t\t\t\t<figcaption class=\"widget-image-caption wp-caption-text\">Tur i vinterskrud!<\/figcaption>\n\t\t\t\t\t\t\t\t\t\t<\/figure>\n\t\t\t\t\t\t\t\t\t<\/div>\n\t\t\t\t<\/div>\n\t\t\t\t\t<\/div>\n\t\t<\/div>\n\t\t\t\t\t<\/div>\n\t\t<\/section>\n\t\t\t\t<section class=\"elementor-section elementor-top-section elementor-element elementor-element-dded514 elementor-section-boxed elementor-section-height-default elementor-section-height-default\" data-id=\"dded514\" data-element_type=\"section\" data-e-type=\"section\">\n\t\t\t\t\t\t<div class=\"elementor-container elementor-column-gap-default\">\n\t\t\t\t\t<div class=\"elementor-column elementor-col-33 elementor-top-column elementor-element elementor-element-16c2e64\" data-id=\"16c2e64\" data-element_type=\"column\" data-e-type=\"column\">\n\t\t\t<div class=\"elementor-widget-wrap elementor-element-populated\">\n\t\t\t\t\t\t<div class=\"elementor-element elementor-element-f9587a7 elementor-widget elementor-widget-text-editor\" data-id=\"f9587a7\" data-element_type=\"widget\" data-e-type=\"widget\" data-widget_type=\"text-editor.default\">\n\t\t\t\t<div class=\"elementor-widget-container\">\n\t\t\t\t\t\t\t\t\t<h4>Ridskola<\/h4><p>V\u00e5r ridskola v\u00e4nder sig till alla som \u00e4r intresserad av att rida islandsh\u00e4st. Grupperna \u00e4r anpassade utifr\u00e5n elevernas kunskap.<\/p>\t\t\t\t\t\t\t\t<\/div>\n\t\t\t\t<\/div>\n\t\t\t\t\t<\/div>\n\t\t<\/div>\n\t\t\t\t<div class=\"elementor-column elementor-col-33 elementor-top-column elementor-element elementor-element-5c6f452\" data-id=\"5c6f452\" data-element_type=\"column\" data-e-type=\"column\">\n\t\t\t<div class=\"elementor-widget-wrap elementor-element-populated\">\n\t\t\t\t\t\t<div class=\"elementor-element elementor-element-50f0469 elementor-widget elementor-widget-text-editor\" data-id=\"50f0469\" data-element_type=\"widget\" data-e-type=\"widget\" data-widget_type=\"text-editor.default\">\n\t\t\t\t<div class=\"elementor-widget-container\">\n\t\t\t\t\t\t\t\t\t<h4>Turridning<\/h4>\n<div>H\u00e4starna vi rider p\u00e5 har, alla sin egen personlighet men gemensamt \u00e4r att de \u00e4r otroligt sn\u00e4lla, or\u00e4dda och l\u00e4ttridna.<\/div>\n<div>&nbsp;<\/div>\t\t\t\t\t\t\t\t<\/div>\n\t\t\t\t<\/div>\n\t\t\t\t\t<\/div>\n\t\t<\/div>\n\t\t\t\t<div class=\"elementor-column elementor-col-33 elementor-top-column elementor-element elementor-element-8696799\" data-id=\"8696799\" data-element_type=\"column\" data-e-type=\"column\">\n\t\t\t<div class=\"elementor-widget-wrap elementor-element-populated\">\n\t\t\t\t\t\t<div class=\"elementor-element elementor-element-b79eb1b elementor-widget elementor-widget-text-editor\" data-id=\"b79eb1b\" data-element_type=\"widget\" data-e-type=\"widget\" data-widget_type=\"text-editor.default\">\n\t\t\t\t<div class=\"elementor-widget-container\">\n\t\t\t\t\t\t\t\t\t<h4>Ridl\u00e4ger<\/h4>\n<div>Vi har sedan&nbsp;<span style=\"color: var( --e-global-color-text ); font-family: var( --e-global-typography-text-font-family ), Sans-serif; font-weight: var( --e-global-typography-text-font-weight ); font-size: 1rem;\">1996&nbsp;<\/span><span style=\"color: var( --e-global-color-text ); font-family: var( --e-global-typography-text-font-family ), Sans-serif; font-weight: var( --e-global-typography-text-font-weight ); font-size: 1rem;\">bedrivit ridl\u00e4ger f\u00f6r barn och ungdomar. <br \/>Varje ridl\u00e4gerdeltagare f\u00e5r en egen h\u00e4st att ta hand om under veckan, och tillsammans med sin kompanjon g\u00f6r man nya framsteg varje dag.<\/span><\/div>\t\t\t\t\t\t\t\t<\/div>\n\t\t\t\t<\/div>\n\t\t\t\t\t<\/div>\n\t\t<\/div>\n\t\t\t\t\t<\/div>\n\t\t<\/section>\n\t\t\t\t<\/div>\n\t\t","protected":false},"excerpt":{"rendered":"<p>Ridskola &#8211; Turridning &#8211; Ridl\u00e4ger Riiby G\u00e5rd islandsh\u00e4star \u00e4r auktoriserad av Svenska Islandsh\u00e4st f\u00f6rbundet. V\u00e5r ridskola&nbsp; innefattar barn, ungdomar och vuxna&nbsp; som har olika kunskaps niv\u00e5er. V\u00e5ra ridskolgrupperna best\u00e5r av 6 elever.&nbsp; V\u00e5rterminen 2024 har vi 135 elever&nbsp; i veckan som rider p\u00e5 ridskolan. Vi erbjuder \u00e4ven turridning i v\u00e5r omv\u00e4xlande fina natur s\u00e5som upp &hellip; <\/p>\n<p class=\"link-more\"><a href=\"https:\/\/www.riibygard.se\/\" class=\"more-link\">Forts\u00e4tt l\u00e4sa<span class=\"screen-reader-text\"> \u201dSTART\u201d<\/span><\/a><\/p>\n","protected":false},"author":2,"featured_media":0,"parent":0,"menu_order":0,"comment_status":"closed","ping_status":"closed","template":"","meta":{"ngg_post_thumbnail":0,"footnotes":""},"class_list":["post-1751","page","type-page","status-publish","hentry"],"_links":{"self":[{"href":"https:\/\/www.riibygard.se\/index.php?rest_route=\/wp\/v2\/pages\/1751","targetHints":{"allow":["GET"]}}],"collection":[{"href":"https:\/\/www.riibygard.se\/index.php?rest_route=\/wp\/v2\/pages"}],"about":[{"href":"https:\/\/www.riibygard.se\/index.php?rest_route=\/wp\/v2\/types\/page"}],"author":[{"embeddable":true,"href":"https:\/\/www.riibygard.se\/index.php?rest_route=\/wp\/v2\/users\/2"}],"replies":[{"embeddable":true,"href":"https:\/\/www.riibygard.se\/index.php?rest_route=%2Fwp%2Fv2%2Fcomments&post=1751"}],"version-history":[{"count":121,"href":"https:\/\/www.riibygard.se\/index.php?rest_route=\/wp\/v2\/pages\/1751\/revisions"}],"predecessor-version":[{"id":2753,"href":"https:\/\/www.riibygard.se\/index.php?rest_route=\/wp\/v2\/pages\/1751\/revisions\/2753"}],"wp:attachment":[{"href":"https:\/\/www.riibygard.se\/index.php?rest_route=%2Fwp%2Fv2%2Fmedia&parent=1751"}],"curies":[{"name":"wp","href":"https:\/\/api.w.org\/{rel}","templated":true}]}}