{"id":19,"date":"2009-12-29T14:14:14","date_gmt":"2009-12-29T14:14:14","guid":{"rendered":"http:\/\/www.riibygard.se\/?page_id=19"},"modified":"2024-02-19T12:07:18","modified_gmt":"2024-02-19T11:07:18","slug":"ridlager","status":"publish","type":"page","link":"https:\/\/www.riibygard.se\/?page_id=19","title":{"rendered":"RIDL\u00c4GER"},"content":{"rendered":"<h1>Ridl\u00e4ger<\/h1>\n<h2>Barn- och ungdomsridl\u00e4ger varje sommar sedan 1998<\/h2>\n<h3>L\u00e5ngv\u00e4ga g\u00e4ster h\u00e4mtas S\u00f6ndag vid T\u00e5g\/buss\/flyg<\/h3>\n<p>En vanlig dag rider vi tv\u00e5 pass, ett i skogen och ett i paddocken. D\u00e4remellan brukar vi hinna med ett dopp i L\u00f6gd\u00f6sj\u00f6n om v\u00e4dret till\u00e5ter.<\/p>\n<p>Varje ridl\u00e4gerdeltagare f\u00e5r en egen h\u00e4st att ta hand om under veckan, och tillsammans med sin kompanjon g\u00f6r man nya framsteg varje dag.<\/p>\n<p>H\u00e4starna: Varje ridl\u00e4gerdeltagare f\u00e5r en egen islandsh\u00e4st att sk\u00f6ta om och l\u00e4ra k\u00e4nna lite extra.<\/p>\n<p>H\u00e4starna delas ut av ridl\u00e4gerledarna f\u00f6rsta dagen och anpassas efter deltagarens \u00f6nskem\u00e5l och erfarenhet.<\/p>\n<p>Vi har max 10 elever per l\u00e4ger. D\u00e5 hinner vi l\u00e4ra k\u00e4nna alla och f\u00e5r en mer personlig grupp.<\/p>\n<p>Ridning: Varje f\u00f6rmiddag rider vi ett ridpass p\u00e5 v\u00e5r ridbana d\u00e4r vi tr\u00e4nar dressyr och g\u00e5ngartsl\u00e4ra. Vi l\u00e4gger mycket energi p\u00e5 sits och inverkan. Vissa veckor har vi \u00e4ven lite hoppning. Eleverna \u00e4r d\u00e5 indelade i sm\u00e5 grupper efter utbildningsniv\u00e5, 5-6 elever. Vid dagens andra ridpass rider vi oftast ut i terr\u00e4ngen. Ridl\u00e4gereleverna f\u00e5r \u00e4ven vara med p\u00e5 gymkhana, en l\u00e5ngritt med lunch ute i det fria och annat kul.<\/p>\n<p>All ridning sker under sakkunnig ledning.<\/p>\n<p>Dagprogram G\u00f6r vi tillsammans men de fasta m\u00e5ltiderna best\u00e5r.<\/p>\n<p>Ridvana Vi f\u00f6rs\u00f6ker dela in eleverna i en ridl\u00e4gervecka med passande riderfarenhet och \u00e5lder. Vissa veckor \u00e4r fr\u00e5n 10 \u00e5r, vissa fr\u00e5n 12 \u00e5r, vissa fr\u00e5n 14 \u00e5r. N\u00e5gon ridvana \u00e4r ett krav p\u00e5 v\u00e5ra nyb\u00f6rjarveckor.<\/p>\n<p><img loading=\"lazy\" decoding=\"async\" width=\"500\" height=\"335\" src=\"https:\/\/www.riibygard.se\/wp-content\/uploads\/2015\/08\/DSC_1557-500x335.jpg\" alt=\"\" loading=\"lazy\" srcset=\"https:\/\/www.riibygard.se\/wp-content\/uploads\/2015\/08\/DSC_1557-500x335.jpg 500w, https:\/\/www.riibygard.se\/wp-content\/uploads\/2015\/08\/DSC_1557-300x201.jpg 300w, https:\/\/www.riibygard.se\/wp-content\/uploads\/2015\/08\/DSC_1557-624x418.jpg 624w\" sizes=\"auto, (max-width: 500px) 100vw, 500px\"\/><br \/>\n<img loading=\"lazy\" decoding=\"async\" width=\"500\" height=\"331\" src=\"https:\/\/www.riibygard.se\/wp-content\/uploads\/2015\/03\/image3-500x331.jpg\" alt=\"\" loading=\"lazy\" srcset=\"https:\/\/www.riibygard.se\/wp-content\/uploads\/2015\/03\/image3-500x331.jpg 500w, https:\/\/www.riibygard.se\/wp-content\/uploads\/2015\/03\/image3-300x199.jpg 300w, https:\/\/www.riibygard.se\/wp-content\/uploads\/2015\/03\/image3-624x413.jpg 624w, https:\/\/www.riibygard.se\/wp-content\/uploads\/2015\/03\/image3.jpg 2048w\" sizes=\"auto, (max-width: 500px) 100vw, 500px\"\/><\/p>\n","protected":false},"excerpt":{"rendered":"<p>Ridl\u00e4ger Barn- och ungdomsridl\u00e4ger varje sommar sedan 1998 L\u00e5ngv\u00e4ga g\u00e4ster h\u00e4mtas S\u00f6ndag vid T\u00e5g\/buss\/flyg En vanlig dag rider vi tv\u00e5 pass, ett i skogen och ett i paddocken. D\u00e4remellan brukar vi hinna med ett dopp i L\u00f6gd\u00f6sj\u00f6n om v\u00e4dret till\u00e5ter. Varje ridl\u00e4gerdeltagare f\u00e5r en egen h\u00e4st att ta hand om under veckan, och tillsammans med &hellip; <\/p>\n<p class=\"link-more\"><a href=\"https:\/\/www.riibygard.se\/?page_id=19\" class=\"more-link\">Forts\u00e4tt l\u00e4sa<span class=\"screen-reader-text\"> \u201dRIDL\u00c4GER\u201d<\/span><\/a><\/p>\n","protected":false},"author":1,"featured_media":0,"parent":0,"menu_order":40,"comment_status":"closed","ping_status":"open","template":"","meta":{"ngg_post_thumbnail":0,"footnotes":""},"class_list":["post-19","page","type-page","status-publish","hentry"],"_links":{"self":[{"href":"https:\/\/www.riibygard.se\/index.php?rest_route=\/wp\/v2\/pages\/19","targetHints":{"allow":["GET"]}}],"collection":[{"href":"https:\/\/www.riibygard.se\/index.php?rest_route=\/wp\/v2\/pages"}],"about":[{"href":"https:\/\/www.riibygard.se\/index.php?rest_route=\/wp\/v2\/types\/page"}],"author":[{"embeddable":true,"href":"https:\/\/www.riibygard.se\/index.php?rest_route=\/wp\/v2\/users\/1"}],"replies":[{"embeddable":true,"href":"https:\/\/www.riibygard.se\/index.php?rest_route=%2Fwp%2Fv2%2Fcomments&post=19"}],"version-history":[{"count":39,"href":"https:\/\/www.riibygard.se\/index.php?rest_route=\/wp\/v2\/pages\/19\/revisions"}],"predecessor-version":[{"id":2553,"href":"https:\/\/www.riibygard.se\/index.php?rest_route=\/wp\/v2\/pages\/19\/revisions\/2553"}],"wp:attachment":[{"href":"https:\/\/www.riibygard.se\/index.php?rest_route=%2Fwp%2Fv2%2Fmedia&parent=19"}],"curies":[{"name":"wp","href":"https:\/\/api.w.org\/{rel}","templated":true}]}}