{"id":23,"date":"2009-12-29T14:15:15","date_gmt":"2009-12-29T14:15:15","guid":{"rendered":"http:\/\/www.riibygard.se\/?page_id=23"},"modified":"2022-03-19T11:19:01","modified_gmt":"2022-03-19T10:19:01","slug":"kontakt","status":"publish","type":"page","link":"https:\/\/www.riibygard.se\/?page_id=23","title":{"rendered":"KONTAKT"},"content":{"rendered":"\t\t<div data-elementor-type=\"wp-page\" data-elementor-id=\"23\" class=\"elementor elementor-23\">\n\t\t\t\t\t\t<section class=\"elementor-section elementor-top-section elementor-element elementor-element-405c48f elementor-section-boxed elementor-section-height-default elementor-section-height-default\" data-id=\"405c48f\" data-element_type=\"section\" data-e-type=\"section\">\n\t\t\t\t\t\t<div class=\"elementor-container elementor-column-gap-default\">\n\t\t\t\t\t<div class=\"elementor-column elementor-col-100 elementor-top-column elementor-element elementor-element-a2fc4a6\" data-id=\"a2fc4a6\" data-element_type=\"column\" data-e-type=\"column\">\n\t\t\t<div class=\"elementor-widget-wrap elementor-element-populated\">\n\t\t\t\t\t\t<div class=\"elementor-element elementor-element-0c14fee elementor-widget elementor-widget-heading\" data-id=\"0c14fee\" data-element_type=\"widget\" data-e-type=\"widget\" data-widget_type=\"heading.default\">\n\t\t\t\t<div class=\"elementor-widget-container\">\n\t\t\t\t\t<h1 class=\"elementor-heading-title elementor-size-default\">Kontakt<\/h1>\t\t\t\t<\/div>\n\t\t\t\t<\/div>\n\t\t\t\t\t<\/div>\n\t\t<\/div>\n\t\t\t\t\t<\/div>\n\t\t<\/section>\n\t\t\t\t<section class=\"elementor-section elementor-top-section elementor-element elementor-element-1cfb6f6b elementor-section-boxed elementor-section-height-default elementor-section-height-default\" data-id=\"1cfb6f6b\" data-element_type=\"section\" data-e-type=\"section\">\n\t\t\t\t\t\t<div class=\"elementor-container elementor-column-gap-default\">\n\t\t\t\t\t<div class=\"elementor-column elementor-col-100 elementor-top-column elementor-element elementor-element-3b3f79da\" data-id=\"3b3f79da\" data-element_type=\"column\" data-e-type=\"column\">\n\t\t\t<div class=\"elementor-widget-wrap elementor-element-populated\">\n\t\t\t\t\t\t<div class=\"elementor-element elementor-element-3b3d3d5d elementor-widget elementor-widget-text-editor\" data-id=\"3b3d3d5d\" data-element_type=\"widget\" data-e-type=\"widget\" data-widget_type=\"text-editor.default\">\n\t\t\t\t<div class=\"elementor-widget-container\">\n\t\t\t\t\t\t\t\t\t<p><strong>Om verksamheten<\/strong><br \/>Verksamhetens startade 1997 med turridning och \u00e5ret d\u00e4rp\u00e5 startade ridskolan och ridl\u00e4gren. Avelsverksamhet finns ocks\u00e5 p\u00e5 g\u00e5rden som p\u00e5g\u00e5tt sedan 1999.<br \/>Viktoria Forsberg\u00a0 \u00e4r utbildad B-instrukt\u00f6r, och har \u00e4ven g\u00e5tt domarsekreterarkurs samt avelskurser.<br \/><strong><br \/>Hitta till oss<br \/><\/strong><span style=\"line-height: 1.714285714; font-size: 1rem;\">Fr\u00e5n s\u00f6der Ta av E4 mot Bergeforsen f\u00f6lj sedan v\u00e4gen \u00f6ver E4 och vidare \u00f6ver Indals\u00e4lven. Sedan \u00e4r det den andra avfarten till h\u00f6ger mot Indal. D\u00e4refter k\u00f6r ni 1 km tills ni ser en stor r\u00f6d skylt p\u00e5 v\u00e4nster sida, sv\u00e4ng h\u00f6ger upp mot Riiby G\u00e5rd Islandsh\u00e4star.<\/span><\/p><p>Fr\u00e5n norr Ta av E4 mot Bergeforsen. Ta andra avfarten till h\u00f6ger, mot Indal. D\u00e4refter k\u00f6r ni 1 km tills ni ser en stor r\u00f6d skylt p\u00e5 v\u00e4nster sida, sv\u00e4ng h\u00f6ger upp mot Riiby G\u00e5rd Islandsh\u00e4star.<\/p><p>Riibygatan 33, Bergeforsen &#8211; mobil: 070-398 26 68 &#8211; e-post: riibygard@gmail.com<\/p>\t\t\t\t\t\t\t\t<\/div>\n\t\t\t\t<\/div>\n\t\t\t\t\t<\/div>\n\t\t<\/div>\n\t\t\t\t\t<\/div>\n\t\t<\/section>\n\t\t\t\t<section class=\"elementor-section elementor-top-section elementor-element elementor-element-a0d528a elementor-section-boxed elementor-section-height-default elementor-section-height-default\" data-id=\"a0d528a\" data-element_type=\"section\" data-e-type=\"section\">\n\t\t\t\t\t\t<div class=\"elementor-container elementor-column-gap-default\">\n\t\t\t\t\t<div class=\"elementor-column elementor-col-100 elementor-top-column elementor-element elementor-element-e59af6b\" data-id=\"e59af6b\" data-element_type=\"column\" data-e-type=\"column\">\n\t\t\t<div class=\"elementor-widget-wrap elementor-element-populated\">\n\t\t\t\t\t\t<div class=\"elementor-element elementor-element-89d9bf3 elementor-widget elementor-widget-google_maps\" data-id=\"89d9bf3\" data-element_type=\"widget\" data-e-type=\"widget\" data-widget_type=\"google_maps.default\">\n\t\t\t\t<div class=\"elementor-widget-container\">\n\t\t\t\t\t\t\t<div class=\"elementor-custom-embed\">\n\t\t\t<iframe loading=\"lazy\"\n\t\t\t\t\tsrc=\"https:\/\/maps.google.com\/maps?q=Riiby%20g%C3%A5rd&#038;t=m&#038;z=10&#038;output=embed&#038;iwloc=near\"\n\t\t\t\t\ttitle=\"Riiby g\u00e5rd\"\n\t\t\t\t\taria-label=\"Riiby g\u00e5rd\"\n\t\t\t><\/iframe>\n\t\t<\/div>\n\t\t\t\t\t\t<\/div>\n\t\t\t\t<\/div>\n\t\t\t\t\t<\/div>\n\t\t<\/div>\n\t\t\t\t\t<\/div>\n\t\t<\/section>\n\t\t\t\t<\/div>\n\t\t","protected":false},"excerpt":{"rendered":"<p>Kontakt Om verksamhetenVerksamhetens startade 1997 med turridning och \u00e5ret d\u00e4rp\u00e5 startade ridskolan och ridl\u00e4gren. Avelsverksamhet finns ocks\u00e5 p\u00e5 g\u00e5rden som p\u00e5g\u00e5tt sedan 1999.Viktoria Forsberg\u00a0 \u00e4r utbildad B-instrukt\u00f6r, och har \u00e4ven g\u00e5tt domarsekreterarkurs samt avelskurser.Hitta till ossFr\u00e5n s\u00f6der Ta av E4 mot Bergeforsen f\u00f6lj sedan v\u00e4gen \u00f6ver E4 och vidare \u00f6ver Indals\u00e4lven. Sedan \u00e4r det den &hellip; <\/p>\n<p class=\"link-more\"><a href=\"https:\/\/www.riibygard.se\/?page_id=23\" class=\"more-link\">Forts\u00e4tt l\u00e4sa<span class=\"screen-reader-text\"> \u201dKONTAKT\u201d<\/span><\/a><\/p>\n","protected":false},"author":1,"featured_media":0,"parent":0,"menu_order":80,"comment_status":"closed","ping_status":"open","template":"","meta":{"ngg_post_thumbnail":0,"footnotes":""},"class_list":["post-23","page","type-page","status-publish","hentry"],"_links":{"self":[{"href":"https:\/\/www.riibygard.se\/index.php?rest_route=\/wp\/v2\/pages\/23","targetHints":{"allow":["GET"]}}],"collection":[{"href":"https:\/\/www.riibygard.se\/index.php?rest_route=\/wp\/v2\/pages"}],"about":[{"href":"https:\/\/www.riibygard.se\/index.php?rest_route=\/wp\/v2\/types\/page"}],"author":[{"embeddable":true,"href":"https:\/\/www.riibygard.se\/index.php?rest_route=\/wp\/v2\/users\/1"}],"replies":[{"embeddable":true,"href":"https:\/\/www.riibygard.se\/index.php?rest_route=%2Fwp%2Fv2%2Fcomments&post=23"}],"version-history":[{"count":30,"href":"https:\/\/www.riibygard.se\/index.php?rest_route=\/wp\/v2\/pages\/23\/revisions"}],"predecessor-version":[{"id":2225,"href":"https:\/\/www.riibygard.se\/index.php?rest_route=\/wp\/v2\/pages\/23\/revisions\/2225"}],"wp:attachment":[{"href":"https:\/\/www.riibygard.se\/index.php?rest_route=%2Fwp%2Fv2%2Fmedia&parent=23"}],"curies":[{"name":"wp","href":"https:\/\/api.w.org\/{rel}","templated":true}]}}