{"id":2409,"date":"2022-06-20T15:12:53","date_gmt":"2022-06-20T13:12:53","guid":{"rendered":"https:\/\/www.riibygard.se\/?page_id=2409"},"modified":"2026-04-28T11:39:37","modified_gmt":"2026-04-28T09:39:37","slug":"vuxenridlager-25-28-8","status":"publish","type":"page","link":"https:\/\/www.riibygard.se\/?page_id=2409","title":{"rendered":"Vuxenridhelg"},"content":{"rendered":"<h2><strong>Vuxen ridhelg 6-8\/8<\/strong><\/h2>\n<p>Nu \u00e4r det efterl\u00e4ngtade ridhelgen h\u00e4r. Under tre dagar kommer vi att hinna med flera ridpass. Vi kommer att \u00e4ta, skratta och f\u00e5 tillf\u00e4lle f\u00f6r avkoppling. F\u00f6r dig som vill finns m\u00f6jlighet f\u00f6r \u00f6vernattning. Ge dig sj\u00e4lv chansen att f\u00e5 ta hand om dig sj\u00e4lv i en lugn och meditativ milj\u00f6. G\u00f6ra dig sj\u00e4lv redo f\u00f6r ett nytt jobb \u00e5r. Eller varf\u00f6r inte bara komma och ha en h\u00e4rlig helg tillsammans med v\u00e5ra fantastiska islandsh\u00e4star.<\/p>\n<p><!-- \/wp:post-content --><\/p>\n<p><!-- wp:paragraph --><\/p>\n<p><b>Vad ska jag ta med mig<br \/><\/b>Ridkl\u00e4der, kl\u00e4der efter v\u00e4der, sovs\u00e4ck\/s\u00e4ngkl\u00e4der och ett glatt hum\u00f6r.&nbsp;<\/p>\n<figure>\n<figure><\/figure>\n<p><!-- \/wp:paragraph --><\/p>\n<\/figure>\n<p><!-- \/wp:gallery --><\/p>\n<p><!-- wp:paragraph --><\/p>\n<p><strong>N\u00e4r ska jag komma och hur ser schemat ut<\/strong><\/p>\n<p><!-- \/wp:paragraph --><\/p>\n<p><!-- wp:paragraph --><\/p>\n<p><strong>Torsdag, kl 19.00-21.00<\/strong><\/p>\n<p><!-- \/wp:paragraph --><\/p>\n<p><!-- wp:paragraph --><\/p>\n<p><strong>V\u00e4lj mellan ett pass i paddock \/uteritt&nbsp;Vi h\u00e4mtar och g\u00f6r iordning h\u00e4starna. Ni v\u00e4ljer om ni vill rida i paddocken eller ut i skoge<\/strong>n.<\/p>\n<p><strong>Fredag,&nbsp;<br \/>Vi samlas kl 18.00 f\u00f6r att g\u00f6ra iordning v\u00e5ra h\u00e4star f\u00f6r en h\u00e4rlig uteritt i ca 2h. <br \/>N\u00e4r vi kommer tillbaka sl\u00e4pper vi ut h\u00e4starna och kv\u00e4llsfodrar tillsammans. Vi avslutar kv\u00e4llen med en mumsig ostbricka och ett musikquiss. Medtag dryck f\u00f6r dig som \u00f6nskar. Vill du maxa l\u00e4gerk\u00e4nslan s\u00e5 kan du sova i v\u00e5r sovsal. Medtag s\u00e4ngkl\u00e4der !<br \/><\/strong><\/p>\n<p><!-- \/wp:paragraph --><\/p>\n<p><!-- wp:paragraph --><\/p>\n<p><!-- \/wp:paragraph --><\/p>\n<p><!-- wp:paragraph --><\/p>\n<p><!-- \/wp:paragraph --><\/p>\n<p><!-- wp:paragraph --><\/p>\n<p><strong>L\u00f6rdag.<br \/><\/strong><\/p>\n<div class=\"x78zum5 xdt5ytf x1iyjqo2 xhc7eg\">\n<div class=\"x9f619 x1ja2u2z __fb-light-mode x1xsqp64 x18d0r48 x1kle79n x78zum5 x1r8uery xdt5ytf x1iyjqo2 xmz0i5r x6ikm8r x10wlt62 x1n2onr6\">\n<div class=\"x78zum5 xdt5ytf x1iyjqo2 x5yr21d\">\n<div id=\"_r_6m_\" class=\"x78zum5 xdt5ytf x1iyjqo2 x5yr21d\">\n<div class=\"x78zum5 xdt5ytf x1iyjqo2 x5yr21d\">\n<div class=\"x1gp6l83 x18b5jzi x1alpsbp x148vw1v x1t7ytsu xyumdvf x78zum5 xdt5ytf x1iyjqo2 x6ikm8r x10wlt62\" role=\"log\" aria-label=\"Meddelanden i konversationen med Linda H\u00f6rnfeldt\" aria-live=\"polite\">\n<div class=\"x1qjc9v5 x9f619 xdl72j9 x2lwn1j xeuugli x1n2onr6 x78zum5 xdt5ytf x1iyjqo2 xs83m0k x6ikm8r x10wlt62 x1ja2u2z\">\n<div class=\"x78zum5 xdt5ytf x1iyjqo2 x6ikm8r x1odjw0f x8du1vd x16o0dkt\" role=\"none\">\n<div class=\"x78zum5 xdt5ytf x1iyjqo2 x2lah0s xl56j7k x121v3j4\">\n<div>\n<div class=\"x78zum5 xdt5ytf\" data-virtualized=\"false\">\n<div class=\"x9f619 x1n2onr6 x1ja2u2z\">\n<div>\n<div role=\"none\">\n<div class=\"__fb-light-mode x1n2onr6\" role=\"article\">\n<div>\n<div>\n<div class=\"x78zum5 xdt5ytf x1n2onr6\" tabindex=\"0\" aria-label=\"11:24, Linda: N\u00e4r: Torsdag - l\u00f6rdag, 6-8 augusti \nPris: 3200kr \n\nTorsdag 19.00\nSamling och utdelning av h\u00e4star. Ridpass i paddocken\/uteritt, ca 50 minuter. \n\nFredag 18.00\nVi samlas kl 18.00 f\u00f6r att g\u00f6ra iordning v\u00e5ra h\u00e4star f\u00f6r en h\u00e4rlig uteritt i ca 2h. ( \u00f6verraskning 1glas bubbel vid dammen\/sneidenh\u00e5llet) N\u00e4r vi kommer tillbaka sl\u00e4pper vi ut h\u00e4starna och kv\u00e4llsfodrar tillsammans. Vi avslutar kv\u00e4llen med en mumsig ostbricka och ett musikquiss. Medtag dryck f\u00f6r dig som \u00f6nskar. Vill du maxa l\u00e4gerk\u00e4nslan s\u00e5 kan du sova i v\u00e5r sovsal. Medtag s\u00e4ngkl\u00e4der !? \n\nL\u00f6rdag 07.30\n07.30 - mjuka yogar\u00f6relser f\u00f6r att stretcha kroppen. \n08.00 Frukost\n09.00 H\u00e4mta h\u00e4starna, g\u00f6r iordning dem i lugn och ro sen beger vi oss ut p\u00e5 en heldagstur. Vi kommer att stanna f\u00f6r en benstr\u00e4ckare och lunch. \nSlut f\u00f6r dagen \u00e4r ca kl 16\" aria-roledescription=\"meddelande\" data-release-focus-from=\"CLICK\" data-scope=\"messages_table\">\n<div class=\"html-div xdj266r x14z9mp xat24cr x1lziwak xexx8yu xyri2b x18d9i69 x1c1uobl x78zum5 x1eb86dx\" role=\"presentation\">\n<div class=\"html-div xdj266r x14z9mp xat24cr x1lziwak xexx8yu xyri2b x18d9i69 x1c1uobl xeuugli x1vjfegm\" role=\"presentation\">\n<div>\n<div class=\"html-div xdj266r x14z9mp xat24cr x1lziwak xexx8yu xyri2b x18d9i69 x1c1uobl x78zum5 xh8yej3\" role=\"presentation\">\n<div class=\"x1cy8zhl x78zum5 xdt5ytf x193iq5w x1n2onr6 x1kxipp6\">\n<div class=\"x78zum5 xh8yej3\" role=\"none\">\n<div class=\"html-div xdj266r x14z9mp xat24cr x1lziwak xexx8yu xyri2b x18d9i69 x1c1uobl x6ikm8r x10wlt62\">\n<div class=\"html-div xdj266r x14z9mp xat24cr x1lziwak x14ctfv x13sv91t x6ikm8r x10wlt62 xerhiuh x1pn3fxy x10zy8in xm9bcq3 x1n2onr6 x1vjfegm x1k4qllp x1mzt3pk x13faqbe x1xr0vuk x1jm4cbz x114wg8e xrrpcnn x14rx4xb x13fuv20 x18b5jzi x1q0q8m5 x1t7ytsu x19livfd x1h2krnu x3p3xfz xet2kk3 xaymx6s x1lu5o8o x1ou5ly4 xofb2d2\" role=\"presentation\">\n<div class=\"html-div xexx8yu xyri2b x18d9i69 x1c1uobl x1gslohp x14z9mp x12nagc x1lziwak x1yc453h x126k92a x18lvrbx\" dir=\"auto\"><strong>07.30 07.30 &#8211; mjuka yogar\u00f6relser f\u00f6r att stretcha kroppen.<\/strong><\/div>\n<div class=\"html-div xexx8yu xyri2b x18d9i69 x1c1uobl x1gslohp x14z9mp x12nagc x1lziwak x1yc453h x126k92a x18lvrbx\" dir=\"auto\"><strong> 08.00 Frukost <\/strong><\/div>\n<div class=\"html-div xexx8yu xyri2b x18d9i69 x1c1uobl x1gslohp x14z9mp x12nagc x1lziwak x1yc453h x126k92a x18lvrbx\" dir=\"auto\"><strong>09.00 H\u00e4mta h\u00e4starna, g\u00f6r iordning dem i lugn och ro sen beger vi oss ut p\u00e5 en heldagstur. Vi kommer att stanna f\u00f6r en benstr\u00e4ckare och lunch. <\/strong><\/div>\n<div class=\"html-div xexx8yu xyri2b x18d9i69 x1c1uobl x1gslohp x14z9mp x12nagc x1lziwak x1yc453h x126k92a x18lvrbx\" dir=\"auto\"><strong>Slut f\u00f6r dagen \u00e4r ca kl 16<\/strong><\/div>\n<\/div>\n<\/div>\n<div class=\"html-div xdj266r x14z9mp xat24cr x1lziwak xexx8yu xyri2b x18d9i69 x1c1uobl x1h91t0o xkh2ocl x78zum5 xdt5ytf x13a6bvl x193iq5w x1iyjqo2 x1eb86dx\" role=\"presentation\">\n<div class=\"html-div xdj266r x14z9mp xat24cr x1lziwak xexx8yu xyri2b x18d9i69 x1c1uobl x1r8uery x1iyjqo2\" role=\"presentation\">&nbsp;<\/div>\n<\/div>\n<\/div>\n<\/div>\n<div class=\"html-div xdj266r x14z9mp xat24cr x1lziwak xexx8yu xyri2b x18d9i69 x1c1uobl x1h91t0o xkh2ocl x78zum5 xdt5ytf x13a6bvl x193iq5w x1iyjqo2 x1eb86dx\" role=\"presentation\">\n<div class=\"html-div xdj266r x14z9mp xat24cr x1lziwak xexx8yu xyri2b x18d9i69 x1c1uobl x1r8uery x1iyjqo2\" role=\"presentation\">&nbsp;<\/div>\n<\/div>\n<\/div>\n<div class=\"html-div xdj266r x14z9mp xat24cr x1lziwak xexx8yu xyri2b x18d9i69 x1c1uobl x1h91t0o xkh2ocl x78zum5 xdt5ytf x13a6bvl x193iq5w x1c4vz4f x1eb86dx\" role=\"presentation\">\n<div class=\"html-div xdj266r x14z9mp xat24cr x1lziwak xexx8yu xyri2b x18d9i69 x1c1uobl\">&nbsp;<\/div>\n<\/div>\n<\/div>\n<\/div>\n<\/div>\n<\/div>\n<\/div>\n<\/div>\n<\/div>\n<\/div>\n<\/div>\n<\/div>\n<\/div>\n<\/div>\n<\/div>\n<\/div>\n<\/div>\n<\/div>\n<\/div>\n<\/div>\n<\/div>\n<\/div>\n<\/div>\n<p><img fetchpriority=\"high\" decoding=\"async\" src=\"https:\/\/www.riibygard.se\/wp-content\/uploads\/2022\/06\/sommartur-1-375x500.jpg\" sizes=\"(max-width: 375px) 100vw, 375px\" srcset=\"https:\/\/www.riibygard.se\/wp-content\/uploads\/2022\/06\/sommartur-1-375x500.jpg 375w, https:\/\/www.riibygard.se\/wp-content\/uploads\/2022\/06\/sommartur-1-225x300.jpg 225w, https:\/\/www.riibygard.se\/wp-content\/uploads\/2022\/06\/sommartur-1-768x1024.jpg 768w, https:\/\/www.riibygard.se\/wp-content\/uploads\/2022\/06\/sommartur-1-1152x1536.jpg 1152w, https:\/\/www.riibygard.se\/wp-content\/uploads\/2022\/06\/sommartur-1-1536x2048.jpg 1536w, https:\/\/www.riibygard.se\/wp-content\/uploads\/2022\/06\/sommartur-1-scaled.jpg 1920w\" alt=\"\" width=\"375\" height=\"500\"\/><\/p>\n<p><!-- wp:paragraph --><\/p>\n<p><!-- \/wp:paragraph --><\/p>\n<p><!-- wp:paragraph --><\/p>\n<p><strong>Viktig information och upplysningar<\/strong><\/p>\n<p><!-- \/wp:paragraph --><\/p>\n<p><!-- wp:paragraph --><\/p>\n<p>Vi beh\u00f6ver veta om du har n\u00e5gra allergier och om du vill ha specialkost.<br \/>Du m\u00e5ste ha en egen olycksfallsf\u00f6rs\u00e4kring samt vara medveten om att alla aktiviteter sker p\u00e5 egen risk<\/p>\n<p><!-- \/wp:paragraph --><\/p>\n<p><!-- wp:paragraph --><\/p>\n<p>I priset ing\u00e5r sex ridpass, enkelt yogainspirerat pass, avsp\u00e4nnings\u00f6vningar, ostbricka, frukost och lunch.<br \/>\u00d6vernattning i sovsal.&nbsp;<br \/>Pris kr&nbsp; <strong style=\"color: var( --e-global-color-text ); font-family: var( --e-global-typography-text-font-family ), Sans-serif; font-size: 1rem;\">&nbsp;<\/strong><\/p>\n<p><strong style=\"color: var( --e-global-color-text ); font-family: var( --e-global-typography-text-font-family ), Sans-serif; font-size: 1rem;\">Varmt v\u00e4lkomna med er anm\u00e4lan till <\/strong><strong style=\"color: var( --e-global-color-text ); font-family: var( --e-global-typography-text-font-family ), Sans-serif; font-size: 1rem;\">riibygard@gmail.com<\/strong> Riiby G\u00e5rd Islandsh\u00e4star Viktoria Forsberg&nbsp;&nbsp;Fr\u00e5gor 070-3982668<\/p>\n<p><!-- \/wp:paragraph --><\/p>\n\n<!-- wp:paragraph -->\n<p><\/p>\n<!-- \/wp:paragraph -->","protected":false},"excerpt":{"rendered":"<p>Vuxen ridhelg 6-8\/8 Nu \u00e4r det efterl\u00e4ngtade ridhelgen h\u00e4r. Under tre dagar kommer vi att hinna med flera ridpass. Vi kommer att \u00e4ta, skratta och f\u00e5 tillf\u00e4lle f\u00f6r avkoppling. F\u00f6r dig som vill finns m\u00f6jlighet f\u00f6r \u00f6vernattning. Ge dig sj\u00e4lv chansen att f\u00e5 ta hand om dig sj\u00e4lv i en lugn och meditativ milj\u00f6. G\u00f6ra &hellip; <\/p>\n<p class=\"link-more\"><a href=\"https:\/\/www.riibygard.se\/?page_id=2409\" class=\"more-link\">Forts\u00e4tt l\u00e4sa<span class=\"screen-reader-text\"> \u201dVuxenridhelg\u201d<\/span><\/a><\/p>\n","protected":false},"author":2,"featured_media":0,"parent":19,"menu_order":0,"comment_status":"closed","ping_status":"closed","template":"","meta":{"ngg_post_thumbnail":0,"footnotes":""},"class_list":["post-2409","page","type-page","status-publish","hentry"],"_links":{"self":[{"href":"https:\/\/www.riibygard.se\/index.php?rest_route=\/wp\/v2\/pages\/2409","targetHints":{"allow":["GET"]}}],"collection":[{"href":"https:\/\/www.riibygard.se\/index.php?rest_route=\/wp\/v2\/pages"}],"about":[{"href":"https:\/\/www.riibygard.se\/index.php?rest_route=\/wp\/v2\/types\/page"}],"author":[{"embeddable":true,"href":"https:\/\/www.riibygard.se\/index.php?rest_route=\/wp\/v2\/users\/2"}],"replies":[{"embeddable":true,"href":"https:\/\/www.riibygard.se\/index.php?rest_route=%2Fwp%2Fv2%2Fcomments&post=2409"}],"version-history":[{"count":48,"href":"https:\/\/www.riibygard.se\/index.php?rest_route=\/wp\/v2\/pages\/2409\/revisions"}],"predecessor-version":[{"id":2762,"href":"https:\/\/www.riibygard.se\/index.php?rest_route=\/wp\/v2\/pages\/2409\/revisions\/2762"}],"up":[{"embeddable":true,"href":"https:\/\/www.riibygard.se\/index.php?rest_route=\/wp\/v2\/pages\/19"}],"wp:attachment":[{"href":"https:\/\/www.riibygard.se\/index.php?rest_route=%2Fwp%2Fv2%2Fmedia&parent=2409"}],"curies":[{"name":"wp","href":"https:\/\/api.w.org\/{rel}","templated":true}]}}