{"id":32,"date":"2022-12-07T15:18:38","date_gmt":"2022-12-07T14:18:38","guid":{"rendered":"http:\/\/www.riibygard.se\/?page_id=32"},"modified":"2025-05-12T17:23:40","modified_gmt":"2025-05-12T15:23:40","slug":"terminspriser","status":"publish","type":"page","link":"https:\/\/www.riibygard.se\/?page_id=32","title":{"rendered":"Terminspriser"},"content":{"rendered":"<h2>Terminspriser<\/h2>\n<p><strong style=\"color: var( --e-global-color-text ); font-family: var( --e-global-typography-text-font-family ), Sans-serif; font-size: 1rem;\">Barn \/ungdom<\/strong><br \/>\n50 min 3120kr I priset ing\u00e5r 16 ridlektioner varav tv\u00e5 \u00e4r teori.<\/p>\n<p><strong>Vuxen fr\u00e5n 20\u00e5r<\/strong><br \/>\n50 min 3520kr I priset ing\u00e5r 16 ridlektioner varav tv\u00e5 \u00e4r teori.<\/p>\n<p><strong>Rid- och Stallekis<\/strong><br \/>\n50 min 1170kr I priset ing\u00e5r 6 lektioner med 50% stall och 50% ridning.<br \/>\nF\u00f6r barn fr\u00e5n 5\u00e5r i grupp om max 6. En bra m\u00f6jlighet att k\u00e4nna in hur det \u00e4r i ett stall.<\/p>\n","protected":false},"excerpt":{"rendered":"<p>Terminspriser Barn \/ungdom 50 min 3120kr I priset ing\u00e5r 16 ridlektioner varav tv\u00e5 \u00e4r teori. Vuxen fr\u00e5n 20\u00e5r 50 min 3520kr I priset ing\u00e5r 16 ridlektioner varav tv\u00e5 \u00e4r teori. Rid- och Stallekis 50 min 1170kr I priset ing\u00e5r 6 lektioner med 50% stall och 50% ridning. F\u00f6r barn fr\u00e5n 5\u00e5r i grupp om max &hellip; <\/p>\n<p class=\"link-more\"><a href=\"https:\/\/www.riibygard.se\/?page_id=32\" class=\"more-link\">Forts\u00e4tt l\u00e4sa<span class=\"screen-reader-text\"> \u201dTerminspriser\u201d<\/span><\/a><\/p>\n","protected":false},"author":1,"featured_media":0,"parent":8,"menu_order":20,"comment_status":"closed","ping_status":"open","template":"","meta":{"ngg_post_thumbnail":0,"footnotes":""},"class_list":["post-32","page","type-page","status-publish","hentry"],"_links":{"self":[{"href":"https:\/\/www.riibygard.se\/index.php?rest_route=\/wp\/v2\/pages\/32","targetHints":{"allow":["GET"]}}],"collection":[{"href":"https:\/\/www.riibygard.se\/index.php?rest_route=\/wp\/v2\/pages"}],"about":[{"href":"https:\/\/www.riibygard.se\/index.php?rest_route=\/wp\/v2\/types\/page"}],"author":[{"embeddable":true,"href":"https:\/\/www.riibygard.se\/index.php?rest_route=\/wp\/v2\/users\/1"}],"replies":[{"embeddable":true,"href":"https:\/\/www.riibygard.se\/index.php?rest_route=%2Fwp%2Fv2%2Fcomments&post=32"}],"version-history":[{"count":41,"href":"https:\/\/www.riibygard.se\/index.php?rest_route=\/wp\/v2\/pages\/32\/revisions"}],"predecessor-version":[{"id":2728,"href":"https:\/\/www.riibygard.se\/index.php?rest_route=\/wp\/v2\/pages\/32\/revisions\/2728"}],"up":[{"embeddable":true,"href":"https:\/\/www.riibygard.se\/index.php?rest_route=\/wp\/v2\/pages\/8"}],"wp:attachment":[{"href":"https:\/\/www.riibygard.se\/index.php?rest_route=%2Fwp%2Fv2%2Fmedia&parent=32"}],"curies":[{"name":"wp","href":"https:\/\/api.w.org\/{rel}","templated":true}]}}