{"id":606,"date":"2011-05-15T16:32:42","date_gmt":"2011-05-15T14:32:42","guid":{"rendered":"http:\/\/www.riibygard.se\/?page_id=606"},"modified":"2011-05-16T13:34:28","modified_gmt":"2011-05-16T11:34:28","slug":"paskridlager-2011","status":"publish","type":"page","link":"https:\/\/www.riibygard.se\/?page_id=606","title":{"rendered":"P\u00e5skridl\u00e4ger 2011"},"content":{"rendered":"<p>Bilder fr\u00e5n p\u00e5skens ridl\u00e4ger hittar ni <a href=\"https:\/\/cid-6c903ac6020af335.photos.live.com\/play.aspx\/Bilder%20fr%c3%a5n%20p%c3%a5skl%c3%a4gret?Bsrc=Photomail&amp;Bpub=SDX.Photos\" target=\"_blank\">h\u00e4r&gt;&gt;<\/a><\/p>\n","protected":false},"excerpt":{"rendered":"<p>Bilder fr\u00e5n p\u00e5skens ridl\u00e4ger hittar ni h\u00e4r&gt;&gt;<\/p>\n","protected":false},"author":1,"featured_media":0,"parent":168,"menu_order":0,"comment_status":"open","ping_status":"open","template":"","meta":{"ngg_post_thumbnail":0,"footnotes":""},"class_list":["post-606","page","type-page","status-publish","hentry"],"_links":{"self":[{"href":"https:\/\/www.riibygard.se\/index.php?rest_route=\/wp\/v2\/pages\/606","targetHints":{"allow":["GET"]}}],"collection":[{"href":"https:\/\/www.riibygard.se\/index.php?rest_route=\/wp\/v2\/pages"}],"about":[{"href":"https:\/\/www.riibygard.se\/index.php?rest_route=\/wp\/v2\/types\/page"}],"author":[{"embeddable":true,"href":"https:\/\/www.riibygard.se\/index.php?rest_route=\/wp\/v2\/users\/1"}],"replies":[{"embeddable":true,"href":"https:\/\/www.riibygard.se\/index.php?rest_route=%2Fwp%2Fv2%2Fcomments&post=606"}],"version-history":[{"count":3,"href":"https:\/\/www.riibygard.se\/index.php?rest_route=\/wp\/v2\/pages\/606\/revisions"}],"predecessor-version":[{"id":618,"href":"https:\/\/www.riibygard.se\/index.php?rest_route=\/wp\/v2\/pages\/606\/revisions\/618"}],"up":[{"embeddable":true,"href":"https:\/\/www.riibygard.se\/index.php?rest_route=\/wp\/v2\/pages\/168"}],"wp:attachment":[{"href":"https:\/\/www.riibygard.se\/index.php?rest_route=%2Fwp%2Fv2%2Fmedia&parent=606"}],"curies":[{"name":"wp","href":"https:\/\/api.w.org\/{rel}","templated":true}]}}